{"id":444,"date":"2015-06-29T23:01:13","date_gmt":"2015-06-29T23:01:13","guid":{"rendered":"https:\/\/avadawebsites.wpengine.com\/architecture\/?page_id=444"},"modified":"2025-10-20T03:37:32","modified_gmt":"2025-10-20T00:37:32","slug":"haberler","status":"publish","type":"page","link":"https:\/\/msbmimarlik.com\/index.php\/haberler\/","title":{"rendered":"Haberler"},"content":{"rendered":"<div class=\"fusion-fullwidth fullwidth-box fusion-builder-row-1 fusion-flex-container hundred-percent-fullwidth non-hundred-percent-height-scrolling\" style=\"--awb-border-radius-top-left:0px;--awb-border-radius-top-right:0px;--awb-border-radius-bottom-right:0px;--awb-border-radius-bottom-left:0px;--awb-overflow:visible;--awb-flex-wrap:wrap;\" ><div class=\"fusion-builder-row fusion-row fusion-flex-align-items-flex-start fusion-flex-content-wrap\" style=\"width:104% !important;max-width:104% !important;margin-left: calc(-4% \/ 2 );margin-right: calc(-4% \/ 2 );\"><div class=\"fusion-layout-column fusion_builder_column fusion-builder-column-0 fusion-flex-column fusion-flex-align-self-flex-start fusion-column-no-min-height\" style=\"--awb-bg-blend:overlay;--awb-bg-size:cover;--awb-width-large:70%;--awb-margin-top-large:0px;--awb-spacing-right-large:3.84%;--awb-margin-bottom-large:0px;--awb-spacing-left-large:2.7428571428571%;--awb-width-medium:100%;--awb-spacing-right-medium:1.92%;--awb-spacing-left-medium:1.92%;--awb-width-small:100%;--awb-spacing-right-small:1.92%;--awb-spacing-left-small:1.92%;\"><div class=\"fusion-column-wrapper fusion-flex-justify-content-flex-start fusion-content-layout-column\"><div class=\"fusion-blog-shortcode fusion-blog-shortcode-1 fusion-blog-archive fusion-blog-layout-medium fusion-blog-pagination\"><div class=\"fusion-posts-container fusion-posts-container-pagination fusion-no-meta-info fusion-blog-rollover\" data-pages=\"1\"><article id=\"blog-1-post-489\" class=\"fusion-post-medium post-489 post type-post status-publish format-standard has-post-thumbnail hentry category-mimari\">\n\t<style type=\"text\/css\">\n\t\t\n\t\t\n\t\t\n\t\t\n\t\t\t<\/style>\n\n\n\t\t\t<div class=\"fusion-flexslider flexslider fusion-flexslider-loading fusion-post-slideshow\" style=\"\">\n\t\t<ul class=\"slides\">\n\t\t\t\n\t\t\t\t\t\t\t\t\t\t\t\t\t\t<li><div  class=\"fusion-image-wrapper fusion-image-size-fixed\" aria-haspopup=\"true\">\n\t\t\t\t<img decoding=\"async\" width=\"299\" height=\"202\" src=\"data:image\/svg+xml,%3Csvg%20xmlns%3D%27http%3A%2F%2Fwww.w3.org%2F2000%2Fsvg%27%20width%3D%27800%27%20height%3D%27541%27%20viewBox%3D%270%200%20800%20541%27%3E%3Crect%20width%3D%27800%27%20height%3D%27541%27%20fill-opacity%3D%220%22%2F%3E%3C%2Fsvg%3E\" class=\"attachment-blog-medium size-blog-medium lazyload wp-post-image\" alt=\"\" data-orig-src=\"https:\/\/msbmimarlik.com\/wp-content\/uploads\/2015\/02\/portfolio8.jpg\" \/><div class=\"fusion-rollover\">\n\t<div class=\"fusion-rollover-content\">\n\n\t\t\t\t\t\t\t\t\t\t\t\t\t\t<a class=\"fusion-rollover-link\" href=\"https:\/\/msbmimarlik.com\/index.php\/2015\/06\/30\/modern-mimarlik-gecmisten-gelecege-bir-yolculuk\/\">Modern Mimarl\u0131k: Ge\u00e7mi\u015ften Gelece\u011fe Bir Yolculuk<\/a>\n\t\t\t\n\t\t\t\t\t\t\t\t\t\t\t\t\t\t\n\t\t\t\t\t\t\t\t\n\t\t\t\t\t\t\t\t\t\t\t\t\t<div class=\"fusion-rollover-sep\"><\/div>\n\t\t\t\t\n\t\t\t\t\t\t\t\t\t\t\t\t\t\t\t\t\t\t<a class=\"fusion-rollover-gallery\" href=\"https:\/\/msbmimarlik.com\/wp-content\/uploads\/2015\/02\/portfolio8.jpg\" data-id=\"489\" data-rel=\"iLightbox[gallery]\" data-title=\"portfolio8\" data-caption=\"\">\n\t\t\t\t\t\tGallery\t\t\t\t\t<\/a>\n\t\t\t\t\t\t\t\t\t\t\t\t\t\t\n\t\t\n\t\t\t\t\t\t\t\t\t\t\t\t<h4 class=\"fusion-rollover-title\">\n\t\t\t\t\t<a class=\"fusion-rollover-title-link\" href=\"https:\/\/msbmimarlik.com\/index.php\/2015\/06\/30\/modern-mimarlik-gecmisten-gelecege-bir-yolculuk\/\">\n\t\t\t\t\t\tModern Mimarl\u0131k: Ge\u00e7mi\u015ften Gelece\u011fe Bir Yolculuk\t\t\t\t\t<\/a>\n\t\t\t\t<\/h4>\n\t\t\t\n\t\t\t\t\t\t\t\t\n\t\t\n\t\t\t\t\t\t<a class=\"fusion-link-wrapper\" href=\"https:\/\/msbmimarlik.com\/index.php\/2015\/06\/30\/modern-mimarlik-gecmisten-gelecege-bir-yolculuk\/\" aria-label=\"Modern Mimarl\u0131k: Ge\u00e7mi\u015ften Gelece\u011fe Bir Yolculuk\"><\/a>\n\t<\/div>\n<\/div>\n<\/div>\n<\/li>\n\t\t\t\n\t\t\t\n\t\t\t\t\t\t\t\t\t\t\t\t\t\t\t\t\t\t\t\t\t\t\t\t\t\t\t\t\t\t\t\t\t\t\t\t\t\t\t\t\t\t\t\t\t\t\t\t\t\t\t\t\t\t\t\t\t\t\t\t\t\t\t\t\t\t\t\t<\/ul>\n\t<\/div>\n\t<div class=\"fusion-post-content post-content\"><h2 class=\"blog-shortcode-post-title entry-title\"><a href=\"https:\/\/msbmimarlik.com\/index.php\/2015\/06\/30\/modern-mimarlik-gecmisten-gelecege-bir-yolculuk\/\">Modern Mimarl\u0131k: Ge\u00e7mi\u015ften Gelece\u011fe Bir Yolculuk<\/a><\/h2><div class=\"fusion-post-content-container\"><p> Modern mimarl\u0131k, 19. y\u00fczy\u0131l\u0131n sonlar\u0131nda ve 20. y\u00fczy\u0131l\u0131n ba\u015flar\u0131nda ortaya \u00e7\u0131kan, i\u015flevsellik, sadelik ve yenilik\u00e7i tasar\u0131m ilkelerine dayanan bir mimari ak\u0131md\u0131r. Ge\u00e7mi\u015fin tarihi ve s\u00fcsleme odakl\u0131 stillerinden koparak, modern ya\u015fam\u0131n ihtiya\u00e7lar\u0131n\u0131 ve yeni teknolojilerin[...]<\/p><\/div><\/div><div class=\"fusion-clearfix\"><\/div><\/article>\n<\/div><\/div><div class=\"fusion-separator fusion-full-width-sep\" style=\"align-self: center;margin-left: auto;margin-right: auto;margin-top:20px;margin-bottom:20px;width:100%;\"><\/div><\/div><\/div><div class=\"fusion-layout-column fusion_builder_column fusion-builder-column-1 fusion-flex-column\" style=\"--awb-padding-top:30px;--awb-padding-right:30px;--awb-padding-bottom:30px;--awb-padding-left:30px;--awb-bg-color:var(--awb-color2);--awb-bg-color-hover:var(--awb-color2);--awb-bg-size:cover;--awb-width-large:30%;--awb-margin-top-large:0px;--awb-spacing-right-large:6.4%;--awb-margin-bottom-large:0px;--awb-spacing-left-large:6.4%;--awb-width-medium:33.333333333333%;--awb-order-medium:0;--awb-spacing-right-medium:5.76%;--awb-spacing-left-medium:5.76%;--awb-width-small:100%;--awb-order-small:1;--awb-margin-top-small:50px;--awb-spacing-right-small:1.92%;--awb-spacing-left-small:1.92%;\"><div class=\"fusion-column-wrapper fusion-column-has-shadow fusion-flex-justify-content-flex-start fusion-content-layout-column\"><div class=\"fusion-image-element \" style=\"--awb-caption-title-font-family:var(--h2_typography-font-family);--awb-caption-title-font-weight:var(--h2_typography-font-weight);--awb-caption-title-font-style:var(--h2_typography-font-style);--awb-caption-title-size:var(--h2_typography-font-size);--awb-caption-title-transform:var(--h2_typography-text-transform);--awb-caption-title-line-height:var(--h2_typography-line-height);--awb-caption-title-letter-spacing:var(--h2_typography-letter-spacing);\"><span class=\" fusion-imageframe imageframe-none imageframe-1 hover-type-none\"><a class=\"fusion-no-lightbox\" href=\"https:\/\/1.envato.market\/V5WDA\" target=\"_self\" aria-label=\"sidebar_ad\"><img decoding=\"async\" width=\"444\" height=\"444\" src=\"data:image\/svg+xml,%3Csvg%20xmlns%3D%27http%3A%2F%2Fwww.w3.org%2F2000%2Fsvg%27%20width%3D%27444%27%20height%3D%27444%27%20viewBox%3D%270%200%20444%20444%27%3E%3Crect%20width%3D%27444%27%20height%3D%27444%27%20fill-opacity%3D%220%22%2F%3E%3C%2Fsvg%3E\" data-orig-src=\"https:\/\/msbmimarlik.com\/wp-content\/uploads\/2015\/06\/sidebar_ad.jpg\" alt class=\"lazyload img-responsive wp-image-474\"\/><\/a><\/span><\/div><div class=\"fusion-widget fusion-widget-element fusion-widget-area fusion-content-widget-area wpWidget-1 wp_widget_recent_posts\" style=\"--awb-fusion-border-size:0px;--awb-fusion-border-style:solid;\">\n\t\t<div class=\"widget widget_recent_entries\">\n\t\t<div class=\"heading\"><h4 class=\"widget-title\">Son Yaz\u0131lar<\/h4><\/div>\n\t\t<ul>\n\t\t\t\t\t\t\t\t\t\t\t<li>\n\t\t\t\t\t<a href=\"https:\/\/msbmimarlik.com\/index.php\/2015\/06\/30\/modern-mimarlik-gecmisten-gelecege-bir-yolculuk\/\">Modern Mimarl\u0131k: Ge\u00e7mi\u015ften Gelece\u011fe Bir Yolculuk<\/a>\n\t\t\t\t\t\t\t\t\t<\/li>\n\t\t\t\t\t<\/ul>\n\n\t\t<\/div><\/div><\/div><\/div><\/div><\/div>\n","protected":false},"excerpt":{"rendered":"","protected":false},"author":1,"featured_media":0,"parent":0,"menu_order":0,"comment_status":"closed","ping_status":"closed","template":"","meta":{"footnotes":""},"class_list":["post-444","page","type-page","status-publish","hentry"],"_links":{"self":[{"href":"https:\/\/msbmimarlik.com\/index.php\/wp-json\/wp\/v2\/pages\/444","targetHints":{"allow":["GET"]}}],"collection":[{"href":"https:\/\/msbmimarlik.com\/index.php\/wp-json\/wp\/v2\/pages"}],"about":[{"href":"https:\/\/msbmimarlik.com\/index.php\/wp-json\/wp\/v2\/types\/page"}],"author":[{"embeddable":true,"href":"https:\/\/msbmimarlik.com\/index.php\/wp-json\/wp\/v2\/users\/1"}],"replies":[{"embeddable":true,"href":"https:\/\/msbmimarlik.com\/index.php\/wp-json\/wp\/v2\/comments?post=444"}],"version-history":[{"count":3,"href":"https:\/\/msbmimarlik.com\/index.php\/wp-json\/wp\/v2\/pages\/444\/revisions"}],"predecessor-version":[{"id":1790,"href":"https:\/\/msbmimarlik.com\/index.php\/wp-json\/wp\/v2\/pages\/444\/revisions\/1790"}],"wp:attachment":[{"href":"https:\/\/msbmimarlik.com\/index.php\/wp-json\/wp\/v2\/media?parent=444"}],"curies":[{"name":"wp","href":"https:\/\/api.w.org\/{rel}","templated":true}]}}